{"id":292,"date":"2025-03-12T15:49:45","date_gmt":"2025-03-12T15:49:45","guid":{"rendered":"https:\/\/cyberium.de\/?page_id=292"},"modified":"2025-06-16T09:05:21","modified_gmt":"2025-06-16T09:05:21","slug":"impressum","status":"publish","type":"page","link":"https:\/\/cyberium.de\/de\/imprint\/","title":{"rendered":"Impressum"},"content":{"rendered":"<div class=\"wp-block-stackable-heading stk-block-heading stk-block-heading--v2 stk-block stk-bb5ca46 glow\" id=\"strong-imprint-strong\" data-block-id=\"bb5ca46\"><style>.stk-bb5ca46 {margin-top:100px !important;}<\/style><h1 class=\"stk-block-heading__text\"><strong>Impressum <\/strong><\/h1><\/div>\n\n\n\n<p>Cyberium GmbH, Bilker Stra\u00dfe 34, 40213 D\u00fcsseldorf. Telefon: +49 211 97 63 11 01. Vertreten durch: Christian Hupertz. Kontakt: info@cyberium.de.<\/p>\n\n\n\n<p><strong><span style=\"color: var(--theme-palette-color-1, #00e7fc);\" class=\"stk-highlight\">Registereintrag:<br><\/span><\/strong>Eintragung in das Handelsregister. Registergericht: Amtsgericht D\u00fcsseldorf, Registernummer: HRB 85362.<\/p>\n\n\n\n<p><strong><span style=\"color: var(--theme-palette-color-1, #00e7fc);\" class=\"stk-highlight\">Umsatzsteuer-Identifikationsnummer gem\u00e4\u00df \u00a727 a Umsatzsteuergesetz:<br><\/span><\/strong>DE322110114.<\/p>\n\n\n\n<p>Wir sind nicht bereit oder verpflichtet, an einem Streitbeilegungsverfahren vor einer Verbraucherschlichtungsstelle teilzunehmen.<\/p>\n\n\n\n<p><strong><span style=\"color: var(--theme-palette-color-1, #00e7fc);\" class=\"stk-highlight\">Haftung f\u00fcr Inhalte:<br><\/span><\/strong>Als Dienstanbieter sind wir gem\u00e4\u00df \u00a7 7 Abs.1 TMG f\u00fcr eigene Inhalte auf diesen Seiten nach den allgemeinen Gesetzen verantwortlich. Nach \u00a7\u00a7 8 bis 10 TMG sind wir als Diensteanbieter jedoch nicht verpflichtet, \u00fcbermittelte oder gespeicherte fremde Informationen zu \u00fcberwachen oder nach Umst\u00e4nden zu forschen, die auf eine rechtswidrige T\u00e4tigkeit hinweisen. Verpflichtungen zur Entfernung oder Sperrung der Nutzung von Informationen nach den allgemeinen Gesetzen bleiben hiervon unber\u00fchrt. Eine diesbez\u00fcgliche Haftung ist jedoch erst ab dem Zeitpunkt der Kenntnis einer konkreten Rechtsverletzung m\u00f6glich. Bei Bekanntwerden von entsprechenden Rechtsverletzungen werden wir diese Inhalte umgehend entfernen.<\/p>\n\n\n\n<div class=\"wp-block-stackable-button-group stk-block-button-group stk-block stk-706d879\" data-block-id=\"706d879\"><style>.stk-706d879 {margin-bottom:50px !important;}.stk-706d879 .stk-inner-blocks{column-gap:20px !important;}<\/style><div class=\"stk-row stk-inner-blocks stk-block-content stk-button-group\">\n<div class=\"wp-block-stackable-button stk-block-button stk-block stk-952420a\" data-block-id=\"952420a\"><style>.stk-952420a .stk-button{padding-top:10px !important;padding-right:30px !important;padding-bottom:10px !important;padding-left:30px !important;background:var(--theme-palette-color-2, #890089) !important;}.stk-952420a .stk-button:hover:after{background:var(--theme-palette-color-8, #ffffff) !important;opacity:1 !important;}.stk-952420a .stk-button:hover:before{box-shadow:0px 0px 20px 1px var(--theme-palette-color-8, #ffffff) !important;}.stk-952420a .stk-button__inner-text{color:var(--theme-palette-color-8, #ffffff) !important;}.stk-952420a .stk-button:hover .stk-button__inner-text{color:var(--theme-palette-color-2, #890089) !important;}<\/style><a class=\"stk-link stk-button stk--hover-effect-darken\" href=\"\/de\/\"><span class=\"has-text-color stk-button__inner-text\"><strong>Zur\u00fcck zur Startseite<\/strong><\/span><\/a><\/div>\n<\/div><\/div>\n\n\n\n<div style=\"height:200px\" aria-hidden=\"true\" class=\"wp-block-spacer\"><\/div>","protected":false},"excerpt":{"rendered":"<p>Imprint Cyberium GmbH, Bilker Strasse 34, 40213 D\u00fcsseldorf. Phone: +49 211 97 63 11 01. Represented by: Christian Hupertz. Contact: info@cyberium.de. Register entry:Entry in the commercial register. Register court: D\u00fcsseldorf Local Court, register number: HRB 85362. Sales tax identification number according to \u00a727 a sales tax law:DE322110114. We are not willing or obliged to participate [&hellip;]<\/p>\n","protected":false},"author":1,"featured_media":0,"parent":0,"menu_order":0,"comment_status":"closed","ping_status":"closed","template":"","meta":{"footnotes":""},"class_list":["post-292","page","type-page","status-publish","hentry"],"blocksy_meta":{"disable_header":"no","styles_descriptor":{"styles":{"desktop":"","tablet":"","mobile":""},"google_fonts":[],"version":6}},"yoast_head":"<!-- This site is optimized with the Yoast SEO plugin v27.5 - https:\/\/yoast.com\/product\/yoast-seo-wordpress\/ -->\n<title>Imprint - Cyberium<\/title>\n<meta name=\"robots\" content=\"index, follow, max-snippet:-1, max-image-preview:large, max-video-preview:-1\" \/>\n<link rel=\"canonical\" href=\"https:\/\/cyberium.de\/de\/impressum\/\" \/>\n<meta property=\"og:locale\" content=\"de_DE\" \/>\n<meta property=\"og:type\" content=\"article\" \/>\n<meta property=\"og:title\" content=\"Imprint - Cyberium\" \/>\n<meta property=\"og:description\" content=\"Imprint Cyberium GmbH, Bilker Strasse 34, 40213 D\u00fcsseldorf. Phone: +49 211 97 63 11 01. Represented by: Christian Hupertz. Contact: info@cyberium.de. Register entry:Entry in the commercial register. Register court: D\u00fcsseldorf Local Court, register number: HRB 85362. Sales tax identification number according to \u00a727 a sales tax law:DE322110114. We are not willing or obliged to participate [&hellip;]\" \/>\n<meta property=\"og:url\" content=\"https:\/\/cyberium.de\/de\/impressum\/\" \/>\n<meta property=\"og:site_name\" content=\"Cyberium\" \/>\n<meta property=\"article:modified_time\" content=\"2025-06-16T09:05:21+00:00\" \/>\n<meta name=\"twitter:card\" content=\"summary_large_image\" \/>\n<meta name=\"twitter:label1\" content=\"Gesch\u00e4tzte Lesezeit\" \/>\n\t<meta name=\"twitter:data1\" content=\"1\u00a0Minute\" \/>\n<script type=\"application\/ld+json\" class=\"yoast-schema-graph\">{\"@context\":\"https:\\\/\\\/schema.org\",\"@graph\":[{\"@type\":\"WebPage\",\"@id\":\"https:\\\/\\\/cyberium.de\\\/imprint\\\/\",\"url\":\"https:\\\/\\\/cyberium.de\\\/imprint\\\/\",\"name\":\"Imprint - Cyberium\",\"isPartOf\":{\"@id\":\"https:\\\/\\\/cyberium-dxe7zhufis.live-website.com\\\/#website\"},\"datePublished\":\"2025-03-12T15:49:45+00:00\",\"dateModified\":\"2025-06-16T09:05:21+00:00\",\"breadcrumb\":{\"@id\":\"https:\\\/\\\/cyberium.de\\\/imprint\\\/#breadcrumb\"},\"inLanguage\":\"de\",\"potentialAction\":[{\"@type\":\"ReadAction\",\"target\":[\"https:\\\/\\\/cyberium.de\\\/imprint\\\/\"]}]},{\"@type\":\"BreadcrumbList\",\"@id\":\"https:\\\/\\\/cyberium.de\\\/imprint\\\/#breadcrumb\",\"itemListElement\":[{\"@type\":\"ListItem\",\"position\":1,\"name\":\"Startseite\",\"item\":\"https:\\\/\\\/cyberium.de\\\/\"},{\"@type\":\"ListItem\",\"position\":2,\"name\":\"Imprint\"}]},{\"@type\":\"WebSite\",\"@id\":\"https:\\\/\\\/cyberium-dxe7zhufis.live-website.com\\\/#website\",\"url\":\"https:\\\/\\\/cyberium-dxe7zhufis.live-website.com\\\/\",\"name\":\"Cyberium\",\"description\":\"Digital Society\",\"publisher\":{\"@id\":\"https:\\\/\\\/cyberium-dxe7zhufis.live-website.com\\\/#organization\"},\"potentialAction\":[{\"@type\":\"SearchAction\",\"target\":{\"@type\":\"EntryPoint\",\"urlTemplate\":\"https:\\\/\\\/cyberium-dxe7zhufis.live-website.com\\\/?s={search_term_string}\"},\"query-input\":{\"@type\":\"PropertyValueSpecification\",\"valueRequired\":true,\"valueName\":\"search_term_string\"}}],\"inLanguage\":\"de\"},{\"@type\":\"Organization\",\"@id\":\"https:\\\/\\\/cyberium-dxe7zhufis.live-website.com\\\/#organization\",\"name\":\"Cyberium\",\"url\":\"https:\\\/\\\/cyberium-dxe7zhufis.live-website.com\\\/\",\"logo\":{\"@type\":\"ImageObject\",\"inLanguage\":\"de\",\"@id\":\"https:\\\/\\\/cyberium-dxe7zhufis.live-website.com\\\/#\\\/schema\\\/logo\\\/image\\\/\",\"url\":\"https:\\\/\\\/cyberium.de\\\/wp-content\\\/uploads\\\/2025\\\/03\\\/Cyberium-Logo_B-scaled.webp\",\"contentUrl\":\"https:\\\/\\\/cyberium.de\\\/wp-content\\\/uploads\\\/2025\\\/03\\\/Cyberium-Logo_B-scaled.webp\",\"width\":2560,\"height\":360,\"caption\":\"Cyberium\"},\"image\":{\"@id\":\"https:\\\/\\\/cyberium-dxe7zhufis.live-website.com\\\/#\\\/schema\\\/logo\\\/image\\\/\"}}]}<\/script>\n<!-- \/ Yoast SEO plugin. -->","yoast_head_json":{"title":"Impressum - Cyberium","robots":{"index":"index","follow":"follow","max-snippet":"max-snippet:-1","max-image-preview":"max-image-preview:large","max-video-preview":"max-video-preview:-1"},"canonical":"https:\/\/cyberium.de\/de\/impressum\/","og_locale":"de_DE","og_type":"article","og_title":"Imprint - Cyberium","og_description":"Imprint Cyberium GmbH, Bilker Strasse 34, 40213 D\u00fcsseldorf. Phone: +49 211 97 63 11 01. Represented by: Christian Hupertz. Contact: info@cyberium.de. Register entry:Entry in the commercial register. Register court: D\u00fcsseldorf Local Court, register number: HRB 85362. Sales tax identification number according to \u00a727 a sales tax law:DE322110114. We are not willing or obliged to participate [&hellip;]","og_url":"https:\/\/cyberium.de\/de\/impressum\/","og_site_name":"Cyberium","article_modified_time":"2025-06-16T09:05:21+00:00","twitter_card":"summary_large_image","twitter_misc":{"Gesch\u00e4tzte Lesezeit":"1\u00a0Minute"},"schema":{"@context":"https:\/\/schema.org","@graph":[{"@type":"WebPage","@id":"https:\/\/cyberium.de\/imprint\/","url":"https:\/\/cyberium.de\/imprint\/","name":"Impressum - Cyberium","isPartOf":{"@id":"https:\/\/cyberium-dxe7zhufis.live-website.com\/#website"},"datePublished":"2025-03-12T15:49:45+00:00","dateModified":"2025-06-16T09:05:21+00:00","breadcrumb":{"@id":"https:\/\/cyberium.de\/imprint\/#breadcrumb"},"inLanguage":"de","potentialAction":[{"@type":"ReadAction","target":["https:\/\/cyberium.de\/imprint\/"]}]},{"@type":"BreadcrumbList","@id":"https:\/\/cyberium.de\/imprint\/#breadcrumb","itemListElement":[{"@type":"ListItem","position":1,"name":"Startseite","item":"https:\/\/cyberium.de\/"},{"@type":"ListItem","position":2,"name":"Imprint"}]},{"@type":"WebSite","@id":"https:\/\/cyberium-dxe7zhufis.live-website.com\/#website","url":"https:\/\/cyberium-dxe7zhufis.live-website.com\/","name":"Cyberium","description":"Digitale Gesellschaft","publisher":{"@id":"https:\/\/cyberium-dxe7zhufis.live-website.com\/#organization"},"potentialAction":[{"@type":"SearchAction","target":{"@type":"EntryPoint","urlTemplate":"https:\/\/cyberium-dxe7zhufis.live-website.com\/?s={search_term_string}"},"query-input":{"@type":"PropertyValueSpecification","valueRequired":true,"valueName":"search_term_string"}}],"inLanguage":"de"},{"@type":"Organization","@id":"https:\/\/cyberium-dxe7zhufis.live-website.com\/#organization","name":"Cyberium","url":"https:\/\/cyberium-dxe7zhufis.live-website.com\/","logo":{"@type":"ImageObject","inLanguage":"de","@id":"https:\/\/cyberium-dxe7zhufis.live-website.com\/#\/schema\/logo\/image\/","url":"https:\/\/cyberium.de\/wp-content\/uploads\/2025\/03\/Cyberium-Logo_B-scaled.webp","contentUrl":"https:\/\/cyberium.de\/wp-content\/uploads\/2025\/03\/Cyberium-Logo_B-scaled.webp","width":2560,"height":360,"caption":"Cyberium"},"image":{"@id":"https:\/\/cyberium-dxe7zhufis.live-website.com\/#\/schema\/logo\/image\/"}}]}},"_links":{"self":[{"href":"https:\/\/cyberium.de\/de\/wp-json\/wp\/v2\/pages\/292","targetHints":{"allow":["GET"]}}],"collection":[{"href":"https:\/\/cyberium.de\/de\/wp-json\/wp\/v2\/pages"}],"about":[{"href":"https:\/\/cyberium.de\/de\/wp-json\/wp\/v2\/types\/page"}],"author":[{"embeddable":true,"href":"https:\/\/cyberium.de\/de\/wp-json\/wp\/v2\/users\/1"}],"replies":[{"embeddable":true,"href":"https:\/\/cyberium.de\/de\/wp-json\/wp\/v2\/comments?post=292"}],"version-history":[{"count":6,"href":"https:\/\/cyberium.de\/de\/wp-json\/wp\/v2\/pages\/292\/revisions"}],"predecessor-version":[{"id":622,"href":"https:\/\/cyberium.de\/de\/wp-json\/wp\/v2\/pages\/292\/revisions\/622"}],"wp:attachment":[{"href":"https:\/\/cyberium.de\/de\/wp-json\/wp\/v2\/media?parent=292"}],"curies":[{"name":"wp","href":"https:\/\/api.w.org\/{rel}","templated":true}]}}